{"id":3124,"date":"2026-02-18T13:05:25","date_gmt":"2026-02-18T13:05:25","guid":{"rendered":"https:\/\/www.pannonia.si\/?page_id=3124"},"modified":"2026-02-19T12:58:23","modified_gmt":"2026-02-19T12:58:23","slug":"results-7","status":"publish","type":"page","link":"http:\/\/www.pannonia.si\/si\/results-7\/","title":{"rendered":"Rezultati"},"content":{"rendered":"<p><\/p>\n<p>&nbsp;<\/p>\n<p style=\"text-align: center;\"><strong>12. PANNONIA REFLECTIONS 2026<\/strong><\/p>\n<p style=\"text-align: center;\">SEZNAM SPREJETIH IN NAGRAJENIH FOTOGRAFIJ<\/p>\n<p style=\"text-align: center;\">Izpis rezultatov bo vsakemu udele\u017eencu poslan po e-po\u0161ti najkasneje do 22. februarja<\/p>\n<p style=\"text-align: center;\"><a href=\"https:\/\/www.pannonia.si\/accepted-awarded-photos-in-section-open-color-2026\/\" target=\"_blank\" rel=\"noopener\">Sprejete fotografije<\/a> v temi <strong>PROSTA BARVNA<\/strong> \u2013 <a href=\"https:\/\/salon-upload.com\/jury\/awards.php?section=A\" target=\"_blank\" rel=\"noopener\">Galerija nagrajenih fotografij<\/a><\/p>\n<p style=\"text-align: center;\"><a href=\"https:\/\/www.pannonia.si\/accepted-awarded-photos-in-section-open-mono-2026\/\" target=\"_blank\" rel=\"noopener\">Sprejete fotografije<\/a> v temi <strong>PROSTA \u010cRNO-BELA<\/strong> \u2013 <a href=\"https:\/\/salon-upload.com\/jury\/awards.php?section=B\" target=\"_blank\" rel=\"noopener\">Galerija nagrajenih fotografij<\/a><\/p>\n<p style=\"text-align: center;\"><a href=\"https:\/\/www.pannonia.si\/accepted-awarded-photos-in-section-architecture-2026\/\" target=\"_blank\" rel=\"noopener\">Sprejete fotografije<\/a> v temi <strong>ARHITEKTURA<\/strong> \u2013 <a href=\"https:\/\/salon-upload.com\/jury\/awards.php?section=C\" target=\"_blank\" rel=\"noopener\">Galerija nagrajenih fotografij<\/a><\/p>\n<p style=\"text-align: center;\"><a href=\"https:\/\/www.pannonia.si\/accepted-awarded-photos-in-section-street-life\/\" target=\"_blank\" rel=\"noopener\">Sprejete fotografije<\/a> v temi <strong>UTRIP ULIC<\/strong> \u2013 <a href=\"https:\/\/salon-upload.com\/jury\/awards.php?section=D\" target=\"_blank\" rel=\"noopener\">Galerija nagrajenih fotografij<\/a><\/p>\n<p style=\"text-align: center;\"><a href=\"https:\/\/www.pannonia.si\/accepted-awarded-photos-in-section-water-2026\/\" target=\"_blank\" rel=\"noopener\">Sprejete fotografije<\/a> v temi <strong>VODA<\/strong> \u2013 <a href=\"https:\/\/salon-upload.com\/jury\/awards.php?section=E\" target=\"_blank\" rel=\"noopener\">Galerija nagrajenih fotografij<\/a><\/p>\n<p style=\"text-align: center;\">POSEBNE NAGRADE:<\/p>\n<p style=\"text-align: center;\">Najbolj\u0161i avtor 12. PANNONIA REFLECTIONS 2026 je <strong>Marian Plaino<\/strong> iz Romunije &#8211; 17 sprejetih fotografij in ena nagrada!<\/p>\n<p style=\"text-align: center;\">Najbolj\u0161i Slovenski foto klub 12. PANNONIA REFLECTIONS 2026 je <strong>Digitalni foto klub iz Celja<\/strong>. <strong>17<\/strong>&nbsp;\u010dlanov Digitalnega foto kluba je sodelovalo na leto\u0161njem nate\u010daju in imajo skupaj <strong>85<\/strong>&nbsp;sprejetih fotografij ter <strong>7<\/strong> nagrad.<\/p>\n<p style=\"text-align: center;\">Najbolj\u0161a fotografija po izboru predsednika organizacijskega odbora Pannonia Reflections je fotografija avtorja <strong>Istvana Kerekesa<\/strong> &#8211; Mad\u017earska<\/p>\n<p><img loading=\"lazy\" decoding=\"async\" class=\"aligncenter size-large wp-image-3125\" src=\"http:\/\/www.pannonia.si\/wp-content\/uploads\/2026\/02\/Istvan_Kerekes_Pannonia-Reflections-2026_The-Best_web-1024x756.jpg\" alt=\"\" width=\"720\" height=\"532\" srcset=\"http:\/\/www.pannonia.si\/wp-content\/uploads\/2026\/02\/Istvan_Kerekes_Pannonia-Reflections-2026_The-Best_web-1024x756.jpg 1024w, http:\/\/www.pannonia.si\/wp-content\/uploads\/2026\/02\/Istvan_Kerekes_Pannonia-Reflections-2026_The-Best_web-300x222.jpg 300w, http:\/\/www.pannonia.si\/wp-content\/uploads\/2026\/02\/Istvan_Kerekes_Pannonia-Reflections-2026_The-Best_web-768x567.jpg 768w, http:\/\/www.pannonia.si\/wp-content\/uploads\/2026\/02\/Istvan_Kerekes_Pannonia-Reflections-2026_The-Best_web.jpg 1200w\" sizes=\"auto, (max-width: 720px) 100vw, 720px\" \/><\/p>\n<p><\/p>","protected":false},"excerpt":{"rendered":"<p>&nbsp; 12. PANNONIA REFLECTIONS 2026 SEZNAM SPREJETIH IN NAGRAJENIH FOTOGRAFIJ Izpis rezultatov bo vsakemu udele\u017eencu poslan po e-po\u0161ti najkasneje do 22. februarja Sprejete fotografije v temi PROSTA BARVNA \u2013 Galerija nagrajenih fotografij Sprejete fotografije v temi PROSTA \u010cRNO-BELA \u2013 Galerija nagrajenih fotografij Sprejete fotografije v temi ARHITEKTURA \u2013 Galerija nagrajenih fotografij Sprejete fotografije v temi UTRIP ULIC \u2013 Galerija nagrajenih fotografij Sprejete fotografije v temi VODA \u2013 Galerija nagrajenih fotografij POSEBNE NAGRADE: Najbolj\u0161i avtor 12. PANNONIA REFLECTIONS 2026 je Marian Plaino iz Romunije &#8211; 17 sprejetih fotografij in ena nagrada! Najbolj\u0161i Slovenski foto klub 12. PANNONIA REFLECTIONS 2026 je Digitalni foto klub iz Celja. 17&nbsp;\u010dlanov Digitalnega foto kluba je sodelovalo na leto\u0161njem nate\u010daju in imajo skupaj 85&nbsp;sprejetih fotografij ter 7 nagrad. Najbolj\u0161a fotografija po izboru predsednika organizacijskega odbora Pannonia Reflections je fotografija avtorja Istvana Kerekesa &#8211; Mad\u017earska<\/p>\n","protected":false},"author":1,"featured_media":0,"parent":0,"menu_order":0,"comment_status":"closed","ping_status":"closed","template":"","meta":{"ngg_post_thumbnail":0,"footnotes":"","_links_to":"","_links_to_target":""},"class_list":["post-3124","page","type-page","status-publish","hentry","post"],"_links":{"self":[{"href":"http:\/\/www.pannonia.si\/si\/wp-json\/wp\/v2\/pages\/3124","targetHints":{"allow":["GET"]}}],"collection":[{"href":"http:\/\/www.pannonia.si\/si\/wp-json\/wp\/v2\/pages"}],"about":[{"href":"http:\/\/www.pannonia.si\/si\/wp-json\/wp\/v2\/types\/page"}],"author":[{"embeddable":true,"href":"http:\/\/www.pannonia.si\/si\/wp-json\/wp\/v2\/users\/1"}],"replies":[{"embeddable":true,"href":"http:\/\/www.pannonia.si\/si\/wp-json\/wp\/v2\/comments?post=3124"}],"version-history":[{"count":8,"href":"http:\/\/www.pannonia.si\/si\/wp-json\/wp\/v2\/pages\/3124\/revisions"}],"predecessor-version":[{"id":3142,"href":"http:\/\/www.pannonia.si\/si\/wp-json\/wp\/v2\/pages\/3124\/revisions\/3142"}],"wp:attachment":[{"href":"http:\/\/www.pannonia.si\/si\/wp-json\/wp\/v2\/media?parent=3124"}],"curies":[{"name":"wp","href":"https:\/\/api.w.org\/{rel}","templated":true}]}}