{"id":153,"date":"2014-10-07T18:47:20","date_gmt":"2014-10-07T18:47:20","guid":{"rendered":"http:\/\/www.pannonia.si\/?page_id=153"},"modified":"2025-12-26T18:08:03","modified_gmt":"2025-12-26T18:08:03","slug":"jury","status":"publish","type":"page","link":"https:\/\/www.pannonia.si\/si\/jury\/","title":{"rendered":"\u017dirija"},"content":{"rendered":"<p><\/p>\n<p><span style=\"font-size: 16px;\"><strong>Mihael Kacafura,<\/strong> KMF FZS, EFIAP\/g<strong>&nbsp;\u2013 Slovenija<\/strong><\/span><\/p>\n<p><img loading=\"lazy\" decoding=\"async\" class=\"size-full wp-image-3043 aligncenter\" src=\"http:\/\/www.pannonia.si\/wp-content\/uploads\/2025\/11\/Miha_web.jpg\" alt=\"\" width=\"267\" height=\"400\" srcset=\"https:\/\/www.pannonia.si\/wp-content\/uploads\/2025\/11\/Miha_web.jpg 267w, https:\/\/www.pannonia.si\/wp-content\/uploads\/2025\/11\/Miha_web-200x300.jpg 200w\" sizes=\"auto, (max-width: 267px) 100vw, 267px\" \/><\/p>\n<p>&nbsp;<\/p>\n<p><strong>Mihael Kacafura,<\/strong>1955, magister poslovnih ved, stanuje v Mariboru. Od leta 2011 je aktiven \u010dlan Fotokluba Maribor in od leta 2020 tudi Digitalnega kluba Celje.<\/p>\n<p>V tem \u010dasu je sodeloval na preko 200 salonih v 32 razli\u010dnih dr\u017eavah, razstavljal v 19 dr\u017eavah \u0161irom po svetu, prejel preko 150 razli\u010dnih medalj, diplom, prizananj, pohval, &#8230; .<\/p>\n<p>Za te dose\u017eke mu je Mednarodna zveza za fotografsko umetnost, podelila naslov EFIAP\/g (odli\u010dnik \/ zlato), fotografska zveza Slovenije pa podelila naslov KM FZS (kandidat za mojstra fotografije.<\/p>\n<p>V zadnjih 15 letih je imel 22 samostojnih razstav &nbsp;in sodeloval na preko 70 skupinskih razstavah v Sloveniji. Od leta 2022 pa do 2025 je opravljal tudi funkcijo predsednika Fotokluba Maribor.<\/p>\n<p>V letu 2024 je osvojil zlato medaljo v kategoriji \u010cB fotografija, na Pregledni razstavi slovenske fotografije 2024. To je slovenska fotografska razstava najvi\u0161jega ranga.<\/p>\n<p>&nbsp;<\/p>\n<p>&nbsp;<\/p>\n<p><strong>Neda Ra\u010dki, <\/strong>EFIAP\/d3 <strong>&nbsp;\u2013&nbsp; Hrva\u0161ka<\/strong><\/p>\n<p><img loading=\"lazy\" decoding=\"async\" class=\"size-full wp-image-3051 aligncenter\" src=\"http:\/\/www.pannonia.si\/wp-content\/uploads\/2025\/11\/Neda-Racki_mala-1.jpg\" alt=\"\" width=\"269\" height=\"400\" srcset=\"https:\/\/www.pannonia.si\/wp-content\/uploads\/2025\/11\/Neda-Racki_mala-1.jpg 269w, https:\/\/www.pannonia.si\/wp-content\/uploads\/2025\/11\/Neda-Racki_mala-1-202x300.jpg 202w\" sizes=\"auto, (max-width: 269px) 100vw, 269px\" \/><\/p>\n<p>&nbsp;<\/p>\n<p>S fotografijo se aktivno ukvarja od leta 2007, odkar uspe\u0161no sodeluje na doma\u010dih in mednarodnih tekmovanjih ter salonih. Za svoje fotografije je prejela ve\u010d kot 460 nagrad in 3 velike nagrade Grand Prix, \u0161tirikrat pa je bila razgla\u0161ena za najuspe\u0161nej\u0161o avtorico salona. Prejela je najpresti\u017enej\u0161o hrva\u0161ko letno nagrado za fotografijo \u00bbTo\u0161o Dabac\u00ab za leto 2013.<\/p>\n<p>Poleg osmih samostojnih razstav v Zagrebu, Reki in Mariboru sodeluje na \u0161tevilnih skupinskih razstavah doma in v tujini. Nekaj njenih fotografij je v Zbirki hrva\u0161ke fotografije Fotokluba Zagreb in v Zbirki hrva\u0161ke fotografije Mestnega muzeja Reke.<\/p>\n<p>Sodeluje kot \u017eirantka na doma\u010dih in tujih tekmovanjih ter salonih. Njene fotografije so bile objavljene v revijah in na naslovnicah knjig. \u010clanica Fotokluba Zagreb je od leta 2008. \u010ceprav uporablja digitalni fotoaparat, svoje fotografsko razmi\u0161ljanje gradi na klasi\u010dni \u010drno-beli fotografiji, osnovni motivi njenega dela pa so mesto, \u010dlovek in ti\u0161ina.<\/p>\n<p>&nbsp;<\/p>\n<p><strong>Rudi Uran,<\/strong> AFIAP<strong> \u2013 Slovenija<\/strong><\/p>\n<p><img loading=\"lazy\" decoding=\"async\" class=\"size-full wp-image-3044 aligncenter\" src=\"http:\/\/www.pannonia.si\/wp-content\/uploads\/2025\/11\/Rudi_mala.jpg\" alt=\"\" width=\"300\" height=\"400\" srcset=\"https:\/\/www.pannonia.si\/wp-content\/uploads\/2025\/11\/Rudi_mala.jpg 300w, https:\/\/www.pannonia.si\/wp-content\/uploads\/2025\/11\/Rudi_mala-225x300.jpg 225w\" sizes=\"auto, (max-width: 300px) 100vw, 300px\" \/><\/p>\n<p>RUDI URAN, re\u017eiser in fotograf, je svojo umetni\u0161ko usmerjeno izobrazbo najprej pridobil na \u0160oli za oblikovanje v Ljubljani, kasneje pa, leta 1985, na Akademiji za likovno umetnost in oblikovanje v Ljubljani. Istega leta je postal tudi \u010dlan Dru\u0161tva likovnih umetnikov Maribor (DLUM).<\/p>\n<p>Od leta 2015 je \u010dlan Dru\u0161tva slovenskih re\u017eiserjev, od leta 2018 pa tudi \u010dlan mariborskega Fotokluba. \u017divi in dela v Mariboru, kjer se ukvarja z dokumentarnim filmom, videoprodukcijo, fotografijo in grafi\u010dnim oblikovanjem.<\/p>\n<p>Je avtor ve\u010d kot 300 glasbenih in promocijskih filmov, ve\u010d kot 30 dokumentarnih filmov ter dveh celove\u010dernih filmov. S svojimi deli je sodeloval na ve\u010d kot 80 filmskih festivalih doma in po svetu. V zadnjih letih redno razstavlja doma in v tujini. Kot filmski ustvarjalec in fotograf je v svoji karieri prejel \u0161tevilne nagrade in priznanja za fotografijo in film.<\/p>\n<p><\/p>","protected":false},"excerpt":{"rendered":"<p>Mihael Kacafura, KMF FZS, EFIAP\/g&nbsp;\u2013 Slovenija &nbsp; Mihael Kacafura,1955, magister poslovnih ved, stanuje v Mariboru. Od leta 2011 je aktiven \u010dlan Fotokluba Maribor in od leta 2020 tudi Digitalnega kluba Celje. V tem \u010dasu je sodeloval na preko 200 salonih v 32 razli\u010dnih dr\u017eavah, razstavljal v 19 dr\u017eavah \u0161irom po svetu, prejel preko 150 razli\u010dnih medalj, diplom, prizananj, pohval, &#8230; . Za te dose\u017eke mu je Mednarodna zveza za fotografsko umetnost, podelila naslov EFIAP\/g (odli\u010dnik \/ zlato), fotografska zveza Slovenije pa podelila naslov KM FZS (kandidat za mojstra fotografije. V zadnjih 15 letih je imel 22 samostojnih razstav &nbsp;in sodeloval na preko 70 skupinskih razstavah v Sloveniji. Od leta 2022 pa do 2025 je opravljal tudi funkcijo predsednika Fotokluba Maribor. V letu 2024 je osvojil zlato medaljo v kategoriji \u010cB fotografija, na Pregledni razstavi slovenske fotografije 2024. To je slovenska fotografska razstava najvi\u0161jega ranga. &nbsp; &nbsp; Neda Ra\u010dki, EFIAP\/d3 &nbsp;\u2013&nbsp; Hrva\u0161ka &nbsp; S fotografijo se aktivno ukvarja od [&hellip;]<\/p>\n","protected":false},"author":1,"featured_media":0,"parent":0,"menu_order":0,"comment_status":"closed","ping_status":"closed","template":"","meta":{"ngg_post_thumbnail":0,"footnotes":"","_links_to":"","_links_to_target":""},"class_list":["post-153","page","type-page","status-publish","hentry","post"],"_links":{"self":[{"href":"https:\/\/www.pannonia.si\/si\/wp-json\/wp\/v2\/pages\/153","targetHints":{"allow":["GET"]}}],"collection":[{"href":"https:\/\/www.pannonia.si\/si\/wp-json\/wp\/v2\/pages"}],"about":[{"href":"https:\/\/www.pannonia.si\/si\/wp-json\/wp\/v2\/types\/page"}],"author":[{"embeddable":true,"href":"https:\/\/www.pannonia.si\/si\/wp-json\/wp\/v2\/users\/1"}],"replies":[{"embeddable":true,"href":"https:\/\/www.pannonia.si\/si\/wp-json\/wp\/v2\/comments?post=153"}],"version-history":[{"count":110,"href":"https:\/\/www.pannonia.si\/si\/wp-json\/wp\/v2\/pages\/153\/revisions"}],"predecessor-version":[{"id":3082,"href":"https:\/\/www.pannonia.si\/si\/wp-json\/wp\/v2\/pages\/153\/revisions\/3082"}],"wp:attachment":[{"href":"https:\/\/www.pannonia.si\/si\/wp-json\/wp\/v2\/media?parent=153"}],"curies":[{"name":"wp","href":"https:\/\/api.w.org\/{rel}","templated":true}]}}