{"id":2404,"date":"2022-12-21T17:55:40","date_gmt":"2022-12-21T17:55:40","guid":{"rendered":"https:\/\/www.pannonia.si\/?page_id=2404"},"modified":"2024-02-09T13:18:56","modified_gmt":"2024-02-09T13:18:56","slug":"results-2022","status":"publish","type":"page","link":"https:\/\/www.pannonia.si\/si\/results-2022\/","title":{"rendered":"Rezultati"},"content":{"rendered":"<p><\/p>\n<p style=\"text-align: center;\"><strong>9. PANNONIA REFLECTIONS 2022<\/strong><\/p>\n<p style=\"text-align: center;\">SEZNAM SPREJETIH IN NAGRAJENIH FOTOGRAFIJ<\/p>\n<p style=\"text-align: center;\"><a href=\"https:\/\/www.pannonia.si\/accepted-awarded-photos-in-section-open-color-2\/\" target=\"_blank\" rel=\"noopener noreferrer\">Accepted photos<\/a> in section PROSTA BARVNA \u2013 <a href=\"https:\/\/pannonia.salonupload.com\/jury\/awards.php?section=A\" target=\"_blank\" rel=\"noopener noreferrer\">Awarded photos Gallery<\/a><\/p>\n<p style=\"text-align: center;\"><a href=\"https:\/\/www.pannonia.si\/accepted-awarded-photos-in-section-open-monochrome-2\/\" target=\"_blank\" rel=\"noopener noreferrer\">Accepted photos<\/a> in section PROSTA \u010cRNO-BELA \u2013 <a href=\"https:\/\/pannonia.salonupload.com\/jury\/awards.php?section=B\" target=\"_blank\" rel=\"noopener noreferrer\">Awarded photos Gallery<\/a><\/p>\n<p style=\"text-align: center;\"><a href=\"https:\/\/www.pannonia.si\/accepted-awarded-photos-in-section-women\/\" target=\"_blank\" rel=\"noopener noreferrer\">Accepted photos<\/a> in section \u017dENSKA \u2013 <a href=\"https:\/\/pannonia.salonupload.com\/jury\/awards.php?section=C\" target=\"_blank\" rel=\"noopener noreferrer\">Awarded photos Gallery<\/a><\/p>\n<p style=\"text-align: center;\"><a href=\"https:\/\/www.pannonia.si\/accepted-awarded-photos-in-section-street\/\" target=\"_blank\" rel=\"noopener noreferrer\">Accepted photos<\/a> in section ULI\u010cNA FOTOGRAFIJA \u2013 <a href=\"https:\/\/pannonia.salonupload.com\/jury\/awards.php?section=D\" target=\"_blank\" rel=\"noopener noreferrer\">Awarded photos Gallery<\/a><\/p>\n<p style=\"text-align: center;\"><a href=\"https:\/\/www.pannonia.si\/accepted-awarded-photos-in-section-water-2\/\" target=\"_blank\" rel=\"noopener noreferrer\">Accepted photos<\/a> in section VODA \u2013 <a href=\"https:\/\/pannonia.salonupload.com\/jury\/awards.php?section=E\" target=\"_blank\" rel=\"noopener noreferrer\">Awarded photos Gallery<\/a><\/p>\n<p style=\"text-align: center;\">POSEBNE NAGRADE:<\/p>\n<p style=\"text-align: center;\">Najbolj\u0161i avtor 9. PANNONIA REFLECTIONS 2022 je <strong>Abhishek Basak<\/strong> iz Indije<strong>\u00a0&#8211;<\/strong> 17 sprejetih fotografij in 1 nagrada.<\/p>\n<p style=\"text-align: center;\">Najbolj\u0161i Slovenski foto klub 9. PANNONIA REFLECTIONS 2022 je <strong>Digitalni foto klub<\/strong> iz Celja. 14 \u010dlanov Digitalnega foto kluba je sodelovalo na leto\u0161njem nate\u010daju in skupno imajo 59 sprejetih fotografij in 4 nagrade.<\/p>\n<p style=\"text-align: center;\">Posebna PANNONIA REFLECTIONS 2022 nagrada za fotografijo po izboru predsednika organizacijskega odbora:<\/p>\n<p style=\"text-align: center;\"><strong>Sara Goli<\/strong> iz Irana za fotografijo<\/p>\n<p style=\"text-align: center;\"><b>Waiting for Hope<\/b><\/p>\n<p>&nbsp;<\/p>\n<p><a href=\"http:\/\/www.pannonia.si\/wp-content\/uploads\/2022\/12\/best_photo_web.jpg\"><img loading=\"lazy\" decoding=\"async\" class=\"size-full wp-image-2407 aligncenter\" src=\"http:\/\/www.pannonia.si\/wp-content\/uploads\/2022\/12\/best_photo_web.jpg\" alt=\"\" width=\"1200\" height=\"800\" srcset=\"https:\/\/www.pannonia.si\/wp-content\/uploads\/2022\/12\/best_photo_web.jpg 1200w, https:\/\/www.pannonia.si\/wp-content\/uploads\/2022\/12\/best_photo_web-300x200.jpg 300w, https:\/\/www.pannonia.si\/wp-content\/uploads\/2022\/12\/best_photo_web-1024x683.jpg 1024w, https:\/\/www.pannonia.si\/wp-content\/uploads\/2022\/12\/best_photo_web-768x512.jpg 768w, https:\/\/www.pannonia.si\/wp-content\/uploads\/2022\/12\/best_photo_web-272x182.jpg 272w\" sizes=\"auto, (max-width: 1200px) 100vw, 1200px\" \/><\/a><\/p>\n<p><\/p>","protected":false},"excerpt":{"rendered":"<p>9. PANNONIA REFLECTIONS 2022 SEZNAM SPREJETIH IN NAGRAJENIH FOTOGRAFIJ Accepted photos in section PROSTA BARVNA \u2013 Awarded photos Gallery Accepted photos in section PROSTA \u010cRNO-BELA \u2013 Awarded photos Gallery Accepted photos in section \u017dENSKA \u2013 Awarded photos Gallery Accepted photos in section ULI\u010cNA FOTOGRAFIJA \u2013 Awarded photos Gallery Accepted photos in section VODA \u2013 Awarded photos Gallery POSEBNE NAGRADE: Najbolj\u0161i avtor 9. PANNONIA REFLECTIONS 2022 je Abhishek Basak iz Indije\u00a0&#8211; 17 sprejetih fotografij in 1 nagrada. Najbolj\u0161i Slovenski foto klub 9. PANNONIA REFLECTIONS 2022 je Digitalni foto klub iz Celja. 14 \u010dlanov Digitalnega foto kluba je sodelovalo na leto\u0161njem nate\u010daju in skupno imajo 59 sprejetih fotografij in 4 nagrade. Posebna PANNONIA REFLECTIONS 2022 nagrada za fotografijo po izboru predsednika organizacijskega odbora: Sara Goli iz Irana za fotografijo Waiting for Hope &nbsp;<\/p>\n","protected":false},"author":1,"featured_media":0,"parent":0,"menu_order":0,"comment_status":"closed","ping_status":"closed","template":"","meta":{"ngg_post_thumbnail":0,"footnotes":"","_links_to":"","_links_to_target":""},"class_list":["post-2404","page","type-page","status-publish","hentry","post"],"_links":{"self":[{"href":"https:\/\/www.pannonia.si\/si\/wp-json\/wp\/v2\/pages\/2404","targetHints":{"allow":["GET"]}}],"collection":[{"href":"https:\/\/www.pannonia.si\/si\/wp-json\/wp\/v2\/pages"}],"about":[{"href":"https:\/\/www.pannonia.si\/si\/wp-json\/wp\/v2\/types\/page"}],"author":[{"embeddable":true,"href":"https:\/\/www.pannonia.si\/si\/wp-json\/wp\/v2\/users\/1"}],"replies":[{"embeddable":true,"href":"https:\/\/www.pannonia.si\/si\/wp-json\/wp\/v2\/comments?post=2404"}],"version-history":[{"count":10,"href":"https:\/\/www.pannonia.si\/si\/wp-json\/wp\/v2\/pages\/2404\/revisions"}],"predecessor-version":[{"id":2736,"href":"https:\/\/www.pannonia.si\/si\/wp-json\/wp\/v2\/pages\/2404\/revisions\/2736"}],"wp:attachment":[{"href":"https:\/\/www.pannonia.si\/si\/wp-json\/wp\/v2\/media?parent=2404"}],"curies":[{"name":"wp","href":"https:\/\/api.w.org\/{rel}","templated":true}]}}