{"id":2737,"date":"2024-02-09T13:24:15","date_gmt":"2024-02-09T13:24:15","guid":{"rendered":"https:\/\/www.pannonia.si\/?page_id=2737"},"modified":"2026-02-18T14:46:31","modified_gmt":"2026-02-18T14:46:31","slug":"results-6","status":"publish","type":"page","link":"https:\/\/www.pannonia.si\/si\/results-6\/","title":{"rendered":"Rezultati 2025"},"content":{"rendered":"<p style=\"text-align: center;\">&nbsp;<\/p>\n<p style=\"text-align: center;\"><strong>11. PANNONIA REFLECTIONS 2025<\/strong><\/p>\n<p style=\"text-align: center;\">SEZNAM SPREJETIH IN NAGRAJENIH FOTOGRAFIJ<\/p>\n<p style=\"text-align: center;\"><a href=\"https:\/\/www.pannonia.si\/accepted-awarded-photos-in-section-open-color-2\/\" target=\"_blank\" rel=\"noopener\">Sprejete fotografije<\/a> v temi <strong>PROSTA BARVNA<\/strong> \u2013 <a href=\"https:\/\/salon-upload.com\/jury\/awards.php?section=A\" target=\"_blank\" rel=\"noopener\">Galerija nagrajenih fotografij<\/a><\/p>\n<p style=\"text-align: center;\"><a href=\"https:\/\/www.pannonia.si\/accepted-awarded-photos-in-section-open-monochrome-2\/\" target=\"_blank\" rel=\"noopener\">Sprejete fotografije<\/a> v temi <strong>PROSTA \u010cRNO-BELA<\/strong> \u2013 <a href=\"https:\/\/salon-upload.com\/jury\/awards.php?section=B\" target=\"_blank\" rel=\"noopener\">Galerija nagrajenih fotografij<\/a><\/p>\n<p style=\"text-align: center;\"><a href=\"https:\/\/www.pannonia.si\/2105-2\/\" target=\"_blank\" rel=\"noopener\">Sprejete fotografije<\/a> v temi <strong>SVETLOBA IN SENCE<\/strong> \u2013 <a href=\"https:\/\/salon-upload.com\/jury\/awards.php?section=C\" target=\"_blank\" rel=\"noopener\">Galerija nagrajenih fotografij<\/a><\/p>\n<p style=\"text-align: center;\"><a href=\"https:\/\/www.pannonia.si\/accepted-awarded-photos-in-lifestyle\/\" target=\"_blank\" rel=\"noopener\">Sprejete fotografije<\/a> v temi <strong>STIL \u017dIVLJENJA<\/strong> \u2013 <a href=\"https:\/\/salon-upload.com\/jury\/awards.php?section=D\" target=\"_blank\" rel=\"noopener\">Galerija nagrajenih fotografij<\/a><\/p>\n<p style=\"text-align: center;\"><a href=\"https:\/\/www.pannonia.si\/accepted-awarded-photos-in-section-water-2\/\" target=\"_blank\" rel=\"noopener\">Sprejete fotografije<\/a> v temi <strong>VODA<\/strong> \u2013 <a href=\"https:\/\/salon-upload.com\/jury\/awards.php?section=E\" target=\"_blank\" rel=\"noopener\">Galerija nagrajenih fotografij<\/a><\/p>\n<p style=\"text-align: center;\">POSEBNE NAGRADE:<\/p>\n<p style=\"text-align: center;\">Najbolj\u0161i avtor 11. PANNONIA REFLECTIONS 2025 je <strong>Istvan Kerekes<\/strong> iz Mad\u017earske &#8211; 17 sprejetih fotografij in \u0161tiri nagrade!<\/p>\n<p style=\"text-align: center;\">Najbolj\u0161i Slovenski foto klub 11. PANNONIA REFLECTIONS 2025 je <strong>Digitalni Foto Klub<\/strong> iz Celja. <strong>19<\/strong> \u010dlanov Digitalnega Foto Kluba je sodelovalo na leto\u0161njem nate\u010daju in skupno imajo <strong>92<\/strong> sprejetih fotografij in <strong>2<\/strong> nagradi.<\/p>\n<p style=\"text-align: center;\">Najbolj\u0161a fotografija po izboru predsednika organizacijskega odbora Pannonia Reflections je fotografija avtorja <strong>Ershad Mazloomi &#8211; <\/strong>Iran<\/p>\n<p><a href=\"http:\/\/www.pannonia.si\/wp-content\/uploads\/2025\/02\/best_mala.jpg\"><img loading=\"lazy\" decoding=\"async\" class=\"aligncenter wp-image-2932 size-large\" src=\"http:\/\/www.pannonia.si\/wp-content\/uploads\/2025\/02\/best_mala-1024x739.jpg\" alt=\"\" width=\"720\" height=\"520\" srcset=\"https:\/\/www.pannonia.si\/wp-content\/uploads\/2025\/02\/best_mala-1024x739.jpg 1024w, https:\/\/www.pannonia.si\/wp-content\/uploads\/2025\/02\/best_mala-300x217.jpg 300w, https:\/\/www.pannonia.si\/wp-content\/uploads\/2025\/02\/best_mala-768x554.jpg 768w, https:\/\/www.pannonia.si\/wp-content\/uploads\/2025\/02\/best_mala.jpg 1200w\" sizes=\"auto, (max-width: 720px) 100vw, 720px\" \/><\/a><\/p>\n<p style=\"text-align: center;\">&nbsp;<\/p>\n<p>&nbsp;<\/p>\n","protected":false},"excerpt":{"rendered":"<p>&nbsp; 11. PANNONIA REFLECTIONS 2025 SEZNAM SPREJETIH IN NAGRAJENIH FOTOGRAFIJ Sprejete fotografije v temi PROSTA BARVNA \u2013 Galerija nagrajenih fotografij Sprejete fotografije v temi PROSTA \u010cRNO-BELA \u2013 Galerija nagrajenih fotografij Sprejete fotografije v temi SVETLOBA IN SENCE \u2013 Galerija nagrajenih fotografij Sprejete fotografije v temi STIL \u017dIVLJENJA \u2013 Galerija nagrajenih fotografij Sprejete fotografije v temi VODA \u2013 Galerija nagrajenih fotografij POSEBNE NAGRADE: Najbolj\u0161i avtor 11. PANNONIA REFLECTIONS 2025 je Istvan Kerekes iz Mad\u017earske &#8211; 17 sprejetih fotografij in \u0161tiri nagrade! Najbolj\u0161i Slovenski foto klub 11. PANNONIA REFLECTIONS 2025 je Digitalni Foto Klub iz Celja. 19 \u010dlanov Digitalnega Foto Kluba je sodelovalo na leto\u0161njem nate\u010daju in skupno imajo 92 sprejetih fotografij in 2 nagradi. Najbolj\u0161a fotografija po izboru predsednika organizacijskega odbora Pannonia Reflections je fotografija avtorja Ershad Mazloomi &#8211; Iran &nbsp; &nbsp;<\/p>\n","protected":false},"author":1,"featured_media":0,"parent":0,"menu_order":0,"comment_status":"closed","ping_status":"closed","template":"","meta":{"ngg_post_thumbnail":0,"footnotes":"","_links_to":"","_links_to_target":""},"class_list":["post-2737","page","type-page","status-publish","hentry","post"],"_links":{"self":[{"href":"https:\/\/www.pannonia.si\/si\/wp-json\/wp\/v2\/pages\/2737","targetHints":{"allow":["GET"]}}],"collection":[{"href":"https:\/\/www.pannonia.si\/si\/wp-json\/wp\/v2\/pages"}],"about":[{"href":"https:\/\/www.pannonia.si\/si\/wp-json\/wp\/v2\/types\/page"}],"author":[{"embeddable":true,"href":"https:\/\/www.pannonia.si\/si\/wp-json\/wp\/v2\/users\/1"}],"replies":[{"embeddable":true,"href":"https:\/\/www.pannonia.si\/si\/wp-json\/wp\/v2\/comments?post=2737"}],"version-history":[{"count":30,"href":"https:\/\/www.pannonia.si\/si\/wp-json\/wp\/v2\/pages\/2737\/revisions"}],"predecessor-version":[{"id":3130,"href":"https:\/\/www.pannonia.si\/si\/wp-json\/wp\/v2\/pages\/2737\/revisions\/3130"}],"wp:attachment":[{"href":"https:\/\/www.pannonia.si\/si\/wp-json\/wp\/v2\/media?parent=2737"}],"curies":[{"name":"wp","href":"https:\/\/api.w.org\/{rel}","templated":true}]}}