{"id":2810,"date":"2024-04-10T18:56:54","date_gmt":"2024-04-10T18:56:54","guid":{"rendered":"https:\/\/www.pannonia.si\/?page_id=2810"},"modified":"2024-04-12T17:28:57","modified_gmt":"2024-04-12T17:28:57","slug":"10th-pannonia-reflections-digital-catalog","status":"publish","type":"page","link":"https:\/\/www.pannonia.si\/si\/10th-pannonia-reflections-digital-catalog\/","title":{"rendered":"10. Pannonia Reflections &#8211; digitalni katalog"},"content":{"rendered":"<p><\/p>\n<p>Spo\u0161tovani udele\u017eenci,<\/p>\n<p>digitalni katalog lahko prenesete na povezavi: <a href=\"https:\/\/mega.nz\/file\/p2kRASRR#ey9kYd4jYYUn6ZI98D5-3nIAuUcD2PqkJWpBYhELR7k\" target=\"_blank\" rel=\"noopener\">Prenos digitalnega kataloga<\/a><\/p>\n<p>Katalog je na voljo tudi v tiskani razli\u010dici po ceni 15 eur.<\/p>\n<p>\u010ce \u017eelite le prelistati katalog tukaj&#8230;<\/p>\n<div class=\"_df_thumb \" id=\"df_2800\"  _slug=\"10th-pannonia-reflections-digital-catalog\" data-title=\"english-10th-pannonia-reflections-digital-catalog\" wpoptions=\"true\" thumb=\"http:\/\/www.pannonia.si\/wp-content\/uploads\/2024\/04\/vabilo_za_fb.jpg\" thumbtype=\"\" >(English) 10th Pannonia Reflections digital catalog<\/div><script class=\"df-shortcode-script\" nowprocket type=\"application\/javascript\">window.option_df_2800 = {\"outline\":[],\"autoEnableOutline\":\"false\",\"autoEnableThumbnail\":\"false\",\"overwritePDFOutline\":\"false\",\"direction\":\"1\",\"pageSize\":\"0\",\"source\":\"http:\\\/\\\/www.pannonia.si\\\/wp-content\\\/uploads\\\/2024\\\/04\\\/katalog_10_PR2024_splet.pdf\",\"wpOptions\":\"true\"}; if(window.DFLIP && window.DFLIP.parseBooks){window.DFLIP.parseBooks();}<\/script>\n<p><\/p>","protected":false},"excerpt":{"rendered":"<p>Spo\u0161tovani udele\u017eenci, digitalni katalog lahko prenesete na povezavi: Prenos digitalnega kataloga Katalog je na voljo tudi v tiskani razli\u010dici po ceni 15 eur. \u010ce \u017eelite le prelistati katalog tukaj&#8230;<\/p>\n","protected":false},"author":1,"featured_media":0,"parent":0,"menu_order":0,"comment_status":"closed","ping_status":"closed","template":"","meta":{"ngg_post_thumbnail":0,"footnotes":"","_links_to":"","_links_to_target":""},"class_list":["post-2810","page","type-page","status-publish","hentry","post"],"_links":{"self":[{"href":"https:\/\/www.pannonia.si\/si\/wp-json\/wp\/v2\/pages\/2810","targetHints":{"allow":["GET"]}}],"collection":[{"href":"https:\/\/www.pannonia.si\/si\/wp-json\/wp\/v2\/pages"}],"about":[{"href":"https:\/\/www.pannonia.si\/si\/wp-json\/wp\/v2\/types\/page"}],"author":[{"embeddable":true,"href":"https:\/\/www.pannonia.si\/si\/wp-json\/wp\/v2\/users\/1"}],"replies":[{"embeddable":true,"href":"https:\/\/www.pannonia.si\/si\/wp-json\/wp\/v2\/comments?post=2810"}],"version-history":[{"count":1,"href":"https:\/\/www.pannonia.si\/si\/wp-json\/wp\/v2\/pages\/2810\/revisions"}],"predecessor-version":[{"id":2815,"href":"https:\/\/www.pannonia.si\/si\/wp-json\/wp\/v2\/pages\/2810\/revisions\/2815"}],"wp:attachment":[{"href":"https:\/\/www.pannonia.si\/si\/wp-json\/wp\/v2\/media?parent=2810"}],"curies":[{"name":"wp","href":"https:\/\/api.w.org\/{rel}","templated":true}]}}