{"id":2888,"date":"2025-01-18T14:40:13","date_gmt":"2025-01-18T14:40:13","guid":{"rendered":"https:\/\/www.pannonia.si\/?page_id=2888"},"modified":"2026-01-11T08:51:10","modified_gmt":"2026-01-11T08:51:10","slug":"10-years-of-pannonia-reflections","status":"publish","type":"page","link":"https:\/\/www.pannonia.si\/si\/10-years-of-pannonia-reflections\/","title":{"rendered":"Prvih 10 let Pannonia Reflections"},"content":{"rendered":"<p><\/p>\n<p><img loading=\"lazy\" decoding=\"async\" class=\"size-full wp-image-2889 aligncenter\" src=\"http:\/\/www.pannonia.si\/wp-content\/uploads\/2025\/01\/glava.jpg\" alt=\"\" width=\"589\" height=\"153\" srcset=\"https:\/\/www.pannonia.si\/wp-content\/uploads\/2025\/01\/glava.jpg 589w, https:\/\/www.pannonia.si\/wp-content\/uploads\/2025\/01\/glava-300x78.jpg 300w\" sizes=\"auto, (max-width: 589px) 100vw, 589px\" \/><\/p>\n<p style=\"text-align: center;\">V zadnjih desetih letih organizacije Mednarodnega fotografskega salona Pannonia Reflections smo pridobili \u010dudovite izku\u0161nje in spoznali veliko novih prijateljev.<\/p>\n<p style=\"text-align: center;\"><strong>Na desetih veli\u010dastnih razstavah v desetih letih je sodelovalo ve\u010d kot 3700 fotografov z ve\u010d kot 55.700 fotografijami. Sprejetih je bilo ve\u010d kot 15.600 fotografij, ve\u010d kot 1000 pa jih je bilo natisnjenih v formatih 60\u00d740 in 40\u00d730 ter razstavljenih v Galeriji \u2013 Muzeju Lendava.<\/strong><\/p>\n<p style=\"text-align: center;\"><strong>V desetih tiskanih katalogih smo imeli ve\u010d kot 1000 strani z skoraj 2000 fotografijami.<\/strong><\/p>\n<p style=\"text-align: center;\">Deseto obletnico smo praznovali skozi celotno preteklo leto.<\/p>\n<p>Organizirali smo retrospektivno razstavo, ki je bila na ogled v Galeriji Mestnega muzeja \u0110ur\u0111evac na Hrva\u0161kem. Tam smo predstavili 88 najbolj\u0161ih fotografij iz zadnjih desetih let. Bila je veli\u010dastna razstava:<\/p>\n<p><img loading=\"lazy\" decoding=\"async\" class=\"size-medium wp-image-2892 aligncenter\" src=\"http:\/\/www.pannonia.si\/wp-content\/uploads\/2025\/01\/ZKD_8938-300x200.jpg\" alt=\"\" width=\"300\" height=\"200\" srcset=\"https:\/\/www.pannonia.si\/wp-content\/uploads\/2025\/01\/ZKD_8938-300x200.jpg 300w, https:\/\/www.pannonia.si\/wp-content\/uploads\/2025\/01\/ZKD_8938-1024x683.jpg 1024w, https:\/\/www.pannonia.si\/wp-content\/uploads\/2025\/01\/ZKD_8938-768x512.jpg 768w, https:\/\/www.pannonia.si\/wp-content\/uploads\/2025\/01\/ZKD_8938-1536x1024.jpg 1536w, https:\/\/www.pannonia.si\/wp-content\/uploads\/2025\/01\/ZKD_8938-2048x1366.jpg 2048w, https:\/\/www.pannonia.si\/wp-content\/uploads\/2025\/01\/ZKD_8938-272x182.jpg 272w\" sizes=\"auto, (max-width: 300px) 100vw, 300px\" \/><\/p>\n<p>Galerija otvoritve razstave na Facebooku: <a href=\"https:\/\/www.facebook.com\/media\/set\/?vanity=61558732830142&amp;set=a.122112165092291094&amp;locale=sl_SI\" target=\"_blank\" rel=\"noopener\">https:\/\/www.facebook.com\/media\/set\/?vanity=61558732830142&amp;set=a.122112165092291094&amp;locale=sl_SI<\/a><\/p>\n<p>Vabimo vas k ogledu kratkega videa \u2013 Drugi o nas v zadnjih desetih letih Pannonia Reflections:<\/p>\n<p><iframe loading=\"lazy\" title=\"Others about us in the past ten years of Pannonia Reflections\" width=\"720\" height=\"405\" src=\"https:\/\/www.youtube.com\/embed\/tUOEBjKj88E?feature=oembed\" frameborder=\"0\" allow=\"accelerometer; autoplay; clipboard-write; encrypted-media; gyroscope; picture-in-picture; web-share\" referrerpolicy=\"strict-origin-when-cross-origin\" allowfullscreen><\/iframe><\/p>\n<p>Ob koncu leta smo objavili monografijo s 100 najbolj\u0161imi fotografijami zadnjih desetih let. <strong>Knjiga je natisnjena v formatu 28&#215;28 cm, s trdimi platnicami in obsega 120 strani.<\/strong> Digitalno razli\u010dico knjige si lahko ogledate tukaj:<\/p>\n<div class=\"_df_book df-lite\" id=\"df_2849\"  _slug=\"10-years-of-pannonia-reflections-monograph\" data-title=\"10-years-o\" wpoptions=\"true\" thumb=\"http:\/\/www.pannonia.si\/wp-content\/uploads\/2024\/11\/naslovnica.pdf\" thumbtype=\"\" ><\/div><script class=\"df-shortcode-script\" nowprocket type=\"application\/javascript\">window.option_df_2849 = {\"outline\":[],\"autoEnableOutline\":\"false\",\"autoEnableThumbnail\":\"false\",\"overwritePDFOutline\":\"false\",\"direction\":\"1\",\"pageSize\":\"0\",\"source\":\"http:\\\/\\\/www.pannonia.si\\\/wp-content\\\/uploads\\\/2024\\\/11\\\/MONOGRAFIJA_10let_PR_2024_web.pdf\",\"wpOptions\":\"true\"}; if(window.DFLIP && window.DFLIP.parseBooks){window.DFLIP.parseBooks();}<\/script>\n<p><\/p>","protected":false},"excerpt":{"rendered":"<p>V zadnjih desetih letih organizacije Mednarodnega fotografskega salona Pannonia Reflections smo pridobili \u010dudovite izku\u0161nje in spoznali veliko novih prijateljev. Na desetih veli\u010dastnih razstavah v desetih letih je sodelovalo ve\u010d kot 3700 fotografov z ve\u010d kot 55.700 fotografijami. Sprejetih je bilo ve\u010d kot 15.600 fotografij, ve\u010d kot 1000 pa jih je bilo natisnjenih v formatih 60\u00d740 in 40\u00d730 ter razstavljenih v Galeriji \u2013 Muzeju Lendava. V desetih tiskanih katalogih smo imeli ve\u010d kot 1000 strani z skoraj 2000 fotografijami. Deseto obletnico smo praznovali skozi celotno preteklo leto. Organizirali smo retrospektivno razstavo, ki je bila na ogled v Galeriji Mestnega muzeja \u0110ur\u0111evac na Hrva\u0161kem. Tam smo predstavili 88 najbolj\u0161ih fotografij iz zadnjih desetih let. Bila je veli\u010dastna razstava: Galerija otvoritve razstave na Facebooku: https:\/\/www.facebook.com\/media\/set\/?vanity=61558732830142&amp;set=a.122112165092291094&amp;locale=sl_SI Vabimo vas k ogledu kratkega videa \u2013 Drugi o nas v zadnjih desetih letih Pannonia Reflections: Ob koncu leta smo objavili monografijo s 100 najbolj\u0161imi fotografijami zadnjih desetih let. Knjiga je natisnjena v formatu 28&#215;28 cm, [&hellip;]<\/p>\n","protected":false},"author":1,"featured_media":0,"parent":0,"menu_order":0,"comment_status":"closed","ping_status":"closed","template":"","meta":{"ngg_post_thumbnail":0,"footnotes":"","_links_to":"","_links_to_target":""},"class_list":["post-2888","page","type-page","status-publish","hentry","post"],"_links":{"self":[{"href":"https:\/\/www.pannonia.si\/si\/wp-json\/wp\/v2\/pages\/2888","targetHints":{"allow":["GET"]}}],"collection":[{"href":"https:\/\/www.pannonia.si\/si\/wp-json\/wp\/v2\/pages"}],"about":[{"href":"https:\/\/www.pannonia.si\/si\/wp-json\/wp\/v2\/types\/page"}],"author":[{"embeddable":true,"href":"https:\/\/www.pannonia.si\/si\/wp-json\/wp\/v2\/users\/1"}],"replies":[{"embeddable":true,"href":"https:\/\/www.pannonia.si\/si\/wp-json\/wp\/v2\/comments?post=2888"}],"version-history":[{"count":8,"href":"https:\/\/www.pannonia.si\/si\/wp-json\/wp\/v2\/pages\/2888\/revisions"}],"predecessor-version":[{"id":3084,"href":"https:\/\/www.pannonia.si\/si\/wp-json\/wp\/v2\/pages\/2888\/revisions\/3084"}],"wp:attachment":[{"href":"https:\/\/www.pannonia.si\/si\/wp-json\/wp\/v2\/media?parent=2888"}],"curies":[{"name":"wp","href":"https:\/\/api.w.org\/{rel}","templated":true}]}}