{"id":76,"date":"2014-08-06T07:44:13","date_gmt":"2014-08-06T07:44:13","guid":{"rendered":"http:\/\/www.pannonia.si\/?page_id=76"},"modified":"2018-10-19T16:41:10","modified_gmt":"2018-10-19T16:41:10","slug":"contact-3","status":"publish","type":"page","link":"https:\/\/www.pannonia.si\/si\/contact-3\/","title":{"rendered":"Kontakt"},"content":{"rendered":"<p><\/p>\n<p>Za vsa morebitna vpra\u0161anja nas lahko kontaktirajte na mail:\u00a0<a href=\"mailto:dolencic.davor0@gmail.com\">dolencic.davor0@gmail.com<\/a><\/p>\n<p>Predsednik organizacijskega odbora: Davor Dolen\u010di\u0107,<\/p>\n<p>dolencic.davor0@gmail.com,<\/p>\n<p>mobitel: 041-740-276<\/p>\n<p>Fotografsko dru\u0161tvo Pannonia<br \/>\n\u010centiba, Fodorjeva vrsta 152<br \/>\n9220 Lendava<\/p>\n<p><\/p>","protected":false},"excerpt":{"rendered":"<p>Za vsa morebitna vpra\u0161anja nas lahko kontaktirajte na mail:\u00a0dolencic.davor0@gmail.com Predsednik organizacijskega odbora: Davor Dolen\u010di\u0107, dolencic.davor0@gmail.com, mobitel: 041-740-276 Fotografsko dru\u0161tvo Pannonia \u010centiba, Fodorjeva vrsta 152 9220 Lendava<\/p>\n","protected":false},"author":1,"featured_media":0,"parent":0,"menu_order":0,"comment_status":"open","ping_status":"open","template":"","meta":{"ngg_post_thumbnail":0,"footnotes":"","_links_to":"","_links_to_target":""},"class_list":["post-76","page","type-page","status-publish","hentry","post"],"_links":{"self":[{"href":"https:\/\/www.pannonia.si\/si\/wp-json\/wp\/v2\/pages\/76","targetHints":{"allow":["GET"]}}],"collection":[{"href":"https:\/\/www.pannonia.si\/si\/wp-json\/wp\/v2\/pages"}],"about":[{"href":"https:\/\/www.pannonia.si\/si\/wp-json\/wp\/v2\/types\/page"}],"author":[{"embeddable":true,"href":"https:\/\/www.pannonia.si\/si\/wp-json\/wp\/v2\/users\/1"}],"replies":[{"embeddable":true,"href":"https:\/\/www.pannonia.si\/si\/wp-json\/wp\/v2\/comments?post=76"}],"version-history":[{"count":11,"href":"https:\/\/www.pannonia.si\/si\/wp-json\/wp\/v2\/pages\/76\/revisions"}],"predecessor-version":[{"id":1591,"href":"https:\/\/www.pannonia.si\/si\/wp-json\/wp\/v2\/pages\/76\/revisions\/1591"}],"wp:attachment":[{"href":"https:\/\/www.pannonia.si\/si\/wp-json\/wp\/v2\/media?parent=76"}],"curies":[{"name":"wp","href":"https:\/\/api.w.org\/{rel}","templated":true}]}}